{"id":1035,"date":"2025-05-09T17:33:20","date_gmt":"2025-05-09T17:33:20","guid":{"rendered":"https:\/\/exomondo.com\/?page_id=1035"},"modified":"2025-05-09T17:42:42","modified_gmt":"2025-05-09T17:42:42","slug":"orchestration-implementation-supervision","status":"publish","type":"page","link":"https:\/\/exomondo.com\/en\/methodology\/orchestration-implementation-supervision\/","title":{"rendered":"Orchestration &amp; supervision of implementation"},"content":{"rendered":"<div data-elementor-type=\"wp-page\" data-elementor-id=\"1035\" class=\"elementor elementor-1035\" data-elementor-post-type=\"page\">\n\t\t\t\t<div class=\"elementor-element elementor-element-42ae8033 e-flex e-con-boxed e-con e-parent\" data-id=\"42ae8033\" data-element_type=\"container\" data-settings=\"{&quot;background_background&quot;:&quot;classic&quot;}\">\n\t\t\t\t\t<div class=\"e-con-inner\">\n\t\t\t\t<div class=\"elementor-element elementor-element-2012abe8 elementor-widget elementor-widget-heading\" data-id=\"2012abe8\" data-element_type=\"widget\" data-widget_type=\"heading.default\">\n\t\t\t\t<div class=\"elementor-widget-container\">\n\t\t\t\t\t<h3 class=\"elementor-heading-title elementor-size-default\">Your transformation<\/h3>\t\t\t\t<\/div>\n\t\t\t\t<\/div>\n\t\t\t\t<div class=\"elementor-element elementor-element-2692d358 elementor-widget elementor-widget-heading\" data-id=\"2692d358\" data-element_type=\"widget\" data-widget_type=\"heading.default\">\n\t\t\t\t<div class=\"elementor-widget-container\">\n\t\t\t\t\t<h4 class=\"elementor-heading-title elementor-size-default\">End-to-end control\n<\/h4>\t\t\t\t<\/div>\n\t\t\t\t<\/div>\n\t\t\t\t<div class=\"elementor-element elementor-element-6847829f elementor-widget elementor-widget-heading\" data-id=\"6847829f\" data-element_type=\"widget\" data-widget_type=\"heading.default\">\n\t\t\t\t<div class=\"elementor-widget-container\">\n\t\t\t\t\t<h5 class=\"elementor-heading-title elementor-size-default\">Once the decisions have been made and the roadmap validated, comes the essential stage of concrete implementation.<\/h5>\t\t\t\t<\/div>\n\t\t\t\t<\/div>\n\t\t\t\t<div class=\"elementor-element elementor-element-93b9c59 elementor-widget elementor-widget-heading\" data-id=\"93b9c59\" data-element_type=\"widget\" data-widget_type=\"heading.default\">\n\t\t\t\t<div class=\"elementor-widget-container\">\n\t\t\t\t\t<h5 class=\"elementor-heading-title elementor-size-default\">If technical intervention is required, we won't leave you alone to deal with the complexities:<\/h5>\t\t\t\t<\/div>\n\t\t\t\t<\/div>\n\t\t\t\t<div class=\"elementor-element elementor-element-10041df elementor-widget elementor-widget-heading\" data-id=\"10041df\" data-element_type=\"widget\" data-widget_type=\"heading.default\">\n\t\t\t\t<div class=\"elementor-widget-container\">\n\t\t\t\t\t<h5 class=\"elementor-heading-title elementor-size-default\">We provide complete, rigorous management of your project.\n\n\n<\/h5>\t\t\t\t<\/div>\n\t\t\t\t<\/div>\n\t\t\t\t<div class=\"elementor-element elementor-element-d0333dd elementor-widget elementor-widget-heading\" data-id=\"d0333dd\" data-element_type=\"widget\" data-widget_type=\"heading.default\">\n\t\t\t\t<div class=\"elementor-widget-container\">\n\t\t\t\t\t<h5 class=\"elementor-heading-title elementor-size-default\">We identify, select and coordinate the best partners or service providers, according to your specific needs and budget. <\/h5>\t\t\t\t<\/div>\n\t\t\t\t<\/div>\n\t\t\t\t<div class=\"elementor-element elementor-element-37a7139 elementor-widget elementor-widget-heading\" data-id=\"37a7139\" data-element_type=\"widget\" data-widget_type=\"heading.default\">\n\t\t\t\t<div class=\"elementor-widget-container\">\n\t\t\t\t\t<h5 class=\"elementor-heading-title elementor-size-default\">You retain a single point of contact to ensure that your work is carried out properly, on time and in line with your objectives.<\/h5>\t\t\t\t<\/div>\n\t\t\t\t<\/div>\n\t\t\t\t\t<\/div>\n\t\t\t\t<\/div>\n\t\t<div class=\"elementor-element elementor-element-55798a1a e-con-full e-flex e-con e-parent\" data-id=\"55798a1a\" data-element_type=\"container\">\n\t\t\t\t<div class=\"elementor-element elementor-element-1bf3b5ff elementor-widget elementor-widget-heading\" data-id=\"1bf3b5ff\" data-element_type=\"widget\" data-widget_type=\"heading.default\">\n\t\t\t\t<div class=\"elementor-widget-container\">\n\t\t\t\t\t<h3 class=\"elementor-heading-title elementor-size-default\">What we cover<\/h3>\t\t\t\t<\/div>\n\t\t\t\t<\/div>\n\t\t<div class=\"elementor-element elementor-element-569031c5 e-grid e-con-full e-con e-child\" data-id=\"569031c5\" data-element_type=\"container\">\n\t\t<div class=\"elementor-element elementor-element-4aa66612 e-con-full e-flex e-con e-child\" data-id=\"4aa66612\" data-element_type=\"container\" data-settings=\"{&quot;background_background&quot;:&quot;classic&quot;}\">\n\t\t\t\t<div class=\"elementor-element elementor-element-4db0cb8c elementor-view-default elementor-position-top elementor-mobile-position-top elementor-widget elementor-widget-icon-box\" data-id=\"4db0cb8c\" data-element_type=\"widget\" data-widget_type=\"icon-box.default\">\n\t\t\t\t<div class=\"elementor-widget-container\">\n\t\t\t\t\t\t\t<div class=\"elementor-icon-box-wrapper\">\n\n\t\t\t\t\t\t<div class=\"elementor-icon-box-icon\">\n\t\t\t\t<span  class=\"elementor-icon\">\n\t\t\t\t<svg aria-hidden=\"true\" class=\"e-font-icon-svg e-fas-layer-group\" viewbox=\"0 0 512 512\" xmlns=\"http:\/\/www.w3.org\/2000\/svg\"><path d=\"M12.41 148.02l232.94 105.67c6.8 3.09 14.49 3.09 21.29 0l232.94-105.67c16.55-7.51 16.55-32.52 0-40.03L266.65 2.31a25.607 25.607 0 0 0-21.29 0L12.41 107.98c-16.55 7.51-16.55 32.53 0 40.04zm487.18 88.28l-58.09-26.33-161.64 73.27c-7.56 3.43-15.59 5.17-23.86 5.17s-16.29-1.74-23.86-5.17L70.51 209.97l-58.1 26.33c-16.55 7.5-16.55 32.5 0 40l232.94 105.59c6.8 3.08 14.49 3.08 21.29 0L499.59 276.3c16.55-7.5 16.55-32.5 0-40zm0 127.8l-57.87-26.23-161.86 73.37c-7.56 3.43-15.59 5.17-23.86 5.17s-16.29-1.74-23.86-5.17L70.29 337.87 12.41 364.1c-16.55 7.5-16.55 32.5 0 40l232.94 105.59c6.8 3.08 14.49 3.08 21.29 0L499.59 404.1c16.55-7.5 16.55-32.5 0-40z\"><\/path><\/svg>\t\t\t\t<\/span>\n\t\t\t<\/div>\n\t\t\t\n\t\t\t\t\t\t<div class=\"elementor-icon-box-content\">\n\n\t\t\t\t\t\t\t\t\t<h5 class=\"elementor-icon-box-title\">\n\t\t\t\t\t\t<span  >\n\t\t\t\t\t\t\tTechnical specifications\t\t\t\t\t\t<\/span>\n\t\t\t\t\t<\/h5>\n\t\t\t\t\n\t\t\t\t\t\t\t\t\t<p class=\"elementor-icon-box-description\">\n\t\t\t\t\t\tWe translate your functional requirements into clear, technical and usable specifications, enabling each service provider to intervene effectively, without ambiguity or drift.\n\n\t\t\t\t\t<\/p>\n\t\t\t\t\n\t\t\t<\/div>\n\t\t\t\n\t\t<\/div>\n\t\t\t\t\t\t<\/div>\n\t\t\t\t<\/div>\n\t\t\t\t<\/div>\n\t\t<div class=\"elementor-element elementor-element-2c49649d e-con-full e-flex e-con e-child\" data-id=\"2c49649d\" data-element_type=\"container\" data-settings=\"{&quot;background_background&quot;:&quot;classic&quot;}\">\n\t\t\t\t<div class=\"elementor-element elementor-element-7917b161 elementor-view-default elementor-position-top elementor-mobile-position-top elementor-widget elementor-widget-icon-box\" data-id=\"7917b161\" data-element_type=\"widget\" data-widget_type=\"icon-box.default\">\n\t\t\t\t<div class=\"elementor-widget-container\">\n\t\t\t\t\t\t\t<div class=\"elementor-icon-box-wrapper\">\n\n\t\t\t\t\t\t<div class=\"elementor-icon-box-icon\">\n\t\t\t\t<span  class=\"elementor-icon\">\n\t\t\t\t<svg aria-hidden=\"true\" class=\"e-font-icon-svg e-fas-money-bill-wave\" viewbox=\"0 0 640 512\" xmlns=\"http:\/\/www.w3.org\/2000\/svg\"><path d=\"M621.16 54.46C582.37 38.19 543.55 32 504.75 32c-123.17-.01-246.33 62.34-369.5 62.34-30.89 0-61.76-3.92-92.65-13.72-3.47-1.1-6.95-1.62-10.35-1.62C15.04 79 0 92.32 0 110.81v317.26c0 12.63 7.23 24.6 18.84 29.46C57.63 473.81 96.45 480 135.25 480c123.17 0 246.34-62.35 369.51-62.35 30.89 0 61.76 3.92 92.65 13.72 3.47 1.1 6.95 1.62 10.35 1.62 17.21 0 32.25-13.32 32.25-31.81V83.93c-.01-12.64-7.24-24.6-18.85-29.47zM48 132.22c20.12 5.04 41.12 7.57 62.72 8.93C104.84 170.54 79 192.69 48 192.69v-60.47zm0 285v-47.78c34.37 0 62.18 27.27 63.71 61.4-22.53-1.81-43.59-6.31-63.71-13.62zM320 352c-44.19 0-80-42.99-80-96 0-53.02 35.82-96 80-96s80 42.98 80 96c0 53.03-35.83 96-80 96zm272 27.78c-17.52-4.39-35.71-6.85-54.32-8.44 5.87-26.08 27.5-45.88 54.32-49.28v57.72zm0-236.11c-30.89-3.91-54.86-29.7-55.81-61.55 19.54 2.17 38.09 6.23 55.81 12.66v48.89z\"><\/path><\/svg>\t\t\t\t<\/span>\n\t\t\t<\/div>\n\t\t\t\n\t\t\t\t\t\t<div class=\"elementor-icon-box-content\">\n\n\t\t\t\t\t\t\t\t\t<h5 class=\"elementor-icon-box-title\">\n\t\t\t\t\t\t<span  >\n\t\t\t\t\t\t\tPlanning &amp; Steering\t\t\t\t\t\t<\/span>\n\t\t\t\t\t<\/h5>\n\t\t\t\t\n\t\t\t\t\t\t\t\t\t<p class=\"elementor-icon-box-description\">\n\t\t\t\t\t\tWe draw up realistic plans, define priorities and orchestrate the various players involved. You benefit from rigorous management, with a proactive approach to risk and contingency management.\t\t\t\t\t<\/p>\n\t\t\t\t\n\t\t\t<\/div>\n\t\t\t\n\t\t<\/div>\n\t\t\t\t\t\t<\/div>\n\t\t\t\t<\/div>\n\t\t\t\t<\/div>\n\t\t<div class=\"elementor-element elementor-element-27258fee e-con-full e-flex e-con e-child\" data-id=\"27258fee\" data-element_type=\"container\" data-settings=\"{&quot;background_background&quot;:&quot;classic&quot;}\">\n\t\t\t\t<div class=\"elementor-element elementor-element-734436b9 elementor-view-default elementor-position-top elementor-mobile-position-top elementor-widget elementor-widget-icon-box\" data-id=\"734436b9\" data-element_type=\"widget\" data-widget_type=\"icon-box.default\">\n\t\t\t\t<div class=\"elementor-widget-container\">\n\t\t\t\t\t\t\t<div class=\"elementor-icon-box-wrapper\">\n\n\t\t\t\t\t\t<div class=\"elementor-icon-box-icon\">\n\t\t\t\t<span  class=\"elementor-icon\">\n\t\t\t\t<svg aria-hidden=\"true\" class=\"e-font-icon-svg e-fas-random\" viewbox=\"0 0 512 512\" xmlns=\"http:\/\/www.w3.org\/2000\/svg\"><path d=\"M504.971 359.029c9.373 9.373 9.373 24.569 0 33.941l-80 79.984c-15.01 15.01-40.971 4.49-40.971-16.971V416h-58.785a12.004 12.004 0 0 1-8.773-3.812l-70.556-75.596 53.333-57.143L352 336h32v-39.981c0-21.438 25.943-31.998 40.971-16.971l80 79.981zM12 176h84l52.781 56.551 53.333-57.143-70.556-75.596A11.999 11.999 0 0 0 122.785 96H12c-6.627 0-12 5.373-12 12v56c0 6.627 5.373 12 12 12zm372 0v39.984c0 21.46 25.961 31.98 40.971 16.971l80-79.984c9.373-9.373 9.373-24.569 0-33.941l-80-79.981C409.943 24.021 384 34.582 384 56.019V96h-58.785a12.004 12.004 0 0 0-8.773 3.812L96 336H12c-6.627 0-12 5.373-12 12v56c0 6.627 5.373 12 12 12h110.785c3.326 0 6.503-1.381 8.773-3.812L352 176h32z\"><\/path><\/svg>\t\t\t\t<\/span>\n\t\t\t<\/div>\n\t\t\t\n\t\t\t\t\t\t<div class=\"elementor-icon-box-content\">\n\n\t\t\t\t\t\t\t\t\t<h5 class=\"elementor-icon-box-title\">\n\t\t\t\t\t\t<span  >\n\t\t\t\t\t\t\tRegular reporting &amp; quality control\t\t\t\t\t\t<\/span>\n\t\t\t\t\t<\/h5>\n\t\t\t\t\n\t\t\t\t\t\t\t\t\t<p class=\"elementor-icon-box-description\">\n\t\t\t\t\t\tWe ensure continuous project monitoring at every stage, with checkpoints, intermediate validations and regular reporting. Our role: to ensure that every deliverable meets quality requirements and objectives.\n\n\t\t\t\t\t<\/p>\n\t\t\t\t\n\t\t\t<\/div>\n\t\t\t\n\t\t<\/div>\n\t\t\t\t\t\t<\/div>\n\t\t\t\t<\/div>\n\t\t\t\t<\/div>\n\t\t\t\t<\/div>\n\t\t\t\t<\/div>\n\t\t<div class=\"elementor-element elementor-element-4792ebc4 e-con-full e-flex e-con e-parent\" data-id=\"4792ebc4\" data-element_type=\"container\" data-settings=\"{&quot;background_background&quot;:&quot;classic&quot;}\">\n\t\t\t\t<div class=\"elementor-element elementor-element-712aa506 elementor-widget elementor-widget-heading\" data-id=\"712aa506\" data-element_type=\"widget\" data-widget_type=\"heading.default\">\n\t\t\t\t<div class=\"elementor-widget-container\">\n\t\t\t\t\t<h3 class=\"elementor-heading-title elementor-size-default\">Our stance<\/h3>\t\t\t\t<\/div>\n\t\t\t\t<\/div>\n\t\t\t\t<div class=\"elementor-element elementor-element-4b68425c elementor-widget elementor-widget-heading\" data-id=\"4b68425c\" data-element_type=\"widget\" data-widget_type=\"heading.default\">\n\t\t\t\t<div class=\"elementor-widget-container\">\n\t\t\t\t\t<h5 class=\"elementor-heading-title elementor-size-default\">Committed conductor<\/h5>\t\t\t\t<\/div>\n\t\t\t\t<\/div>\n\t\t\t\t<div class=\"elementor-element elementor-element-16b4bdb elementor-widget elementor-widget-heading\" data-id=\"16b4bdb\" data-element_type=\"widget\" data-widget_type=\"heading.default\">\n\t\t\t\t<div class=\"elementor-widget-container\">\n\t\t\t\t\t<h5 class=\"elementor-heading-title elementor-size-default\">You remain the decision-maker, while we play the role of conductor, ensuring that your project runs smoothly.<\/h5>\t\t\t\t<\/div>\n\t\t\t\t<\/div>\n\t\t\t\t<div class=\"elementor-element elementor-element-337817e elementor-widget elementor-widget-heading\" data-id=\"337817e\" data-element_type=\"widget\" data-widget_type=\"heading.default\">\n\t\t\t\t<div class=\"elementor-widget-container\">\n\t\t\t\t\t<h5 class=\"elementor-heading-title elementor-size-default\">We speak the language of technical service providers and translate their actions into clear decisions for you.<\/h5>\t\t\t\t<\/div>\n\t\t\t\t<\/div>\n\t\t\t\t<div class=\"elementor-element elementor-element-76db590 elementor-widget elementor-widget-heading\" data-id=\"76db590\" data-element_type=\"widget\" data-widget_type=\"heading.default\">\n\t\t\t\t<div class=\"elementor-widget-container\">\n\t\t\t\t\t<h5 class=\"elementor-heading-title elementor-size-default\">This avoids dispersion, wasted time and gaps between strategy and execution.\n\n<\/h5>\t\t\t\t<\/div>\n\t\t\t\t<\/div>\n\t\t\t\t<\/div>\n\t\t<div class=\"elementor-element elementor-element-9b39665 e-con-full e-flex e-con e-parent\" data-id=\"9b39665\" data-element_type=\"container\">\n\t\t\t\t<div class=\"elementor-element elementor-element-3834e830 elementor-widget elementor-widget-heading\" data-id=\"3834e830\" data-element_type=\"widget\" data-widget_type=\"heading.default\">\n\t\t\t\t<div class=\"elementor-widget-container\">\n\t\t\t\t\t<h3 class=\"elementor-heading-title elementor-size-default\">Indicative duration<\/h3>\t\t\t\t<\/div>\n\t\t\t\t<\/div>\n\t\t\t\t<div class=\"elementor-element elementor-element-5e797214 elementor-widget elementor-widget-heading\" data-id=\"5e797214\" data-element_type=\"widget\" data-widget_type=\"heading.default\">\n\t\t\t\t<div class=\"elementor-widget-container\">\n\t\t\t\t\t<h5 class=\"elementor-heading-title elementor-size-default\">The duration of this phase depends on the scope of the project, but our method speeds up execution without sacrificing quality. <\/h5>\t\t\t\t<\/div>\n\t\t\t\t<\/div>\n\t\t\t\t<div class=\"elementor-element elementor-element-471101e elementor-widget elementor-widget-heading\" data-id=\"471101e\" data-element_type=\"widget\" data-widget_type=\"heading.default\">\n\t\t\t\t<div class=\"elementor-widget-container\">\n\t\t\t\t\t<h5 class=\"elementor-heading-title elementor-size-default\">Each project is subject to a precise timetable agreed together.\n\n<\/h5>\t\t\t\t<\/div>\n\t\t\t\t<\/div>\n\t\t\t\t<\/div>\n\t\t<div class=\"elementor-element elementor-element-769c034a e-flex e-con-boxed e-con e-parent\" data-id=\"769c034a\" data-element_type=\"container\" data-settings=\"{&quot;background_background&quot;:&quot;classic&quot;}\">\n\t\t\t\t\t<div class=\"e-con-inner\">\n\t\t\t\t<div class=\"elementor-element elementor-element-469a693c elementor-widget elementor-widget-heading\" data-id=\"469a693c\" data-element_type=\"widget\" data-widget_type=\"heading.default\">\n\t\t\t\t<div class=\"elementor-widget-container\">\n\t\t\t\t\t<h2 class=\"elementor-heading-title elementor-size-default\">Ready to transform your strategic decisions into concrete results, without adding to your mental workload?\n<\/h2>\t\t\t\t<\/div>\n\t\t\t\t<\/div>\n\t\t\t\t<div class=\"elementor-element elementor-element-7341ef64 elementor-widget elementor-widget-heading\" data-id=\"7341ef64\" data-element_type=\"widget\" data-widget_type=\"heading.default\">\n\t\t\t\t<div class=\"elementor-widget-container\">\n\t\t\t\t\t<h4 class=\"elementor-heading-title elementor-size-default\">Let's schedule a free 30-minute discussion to work together on the best way to effectively manage your project.\n\n\n<\/h4>\t\t\t\t<\/div>\n\t\t\t\t<\/div>\n\t\t\t\t<div class=\"elementor-element elementor-element-71518cdf elementor-widget elementor-widget-button\" data-id=\"71518cdf\" data-element_type=\"widget\" data-widget_type=\"button.default\">\n\t\t\t\t<div class=\"elementor-widget-container\">\n\t\t\t\t\t\t\t\t\t<div class=\"elementor-button-wrapper\">\n\t\t\t\t\t<a class=\"elementor-button elementor-button-link elementor-size-sm\" href=\"https:\/\/exomondo.com\/en\/product\/free-strategic-diagnosis\/\">\n\t\t\t\t\t\t<span class=\"elementor-button-content-wrapper\">\n\t\t\t\t\t\t\t\t\t<span class=\"elementor-button-text\">Make an appointment<\/span>\n\t\t\t\t\t<\/span>\n\t\t\t\t\t<\/a>\n\t\t\t\t<\/div>\n\t\t\t\t\t\t\t\t<\/div>\n\t\t\t\t<\/div>\n\t\t\t\t\t<\/div>\n\t\t\t\t<\/div>\n\t\t\t\t<\/div>","protected":false},"excerpt":{"rendered":"<p>Votre transformation Pilot\u00e9e de bout en bout Une fois les d\u00e9cisions prises et la roadmap valid\u00e9e, vient l\u2019\u00e9tape essentielle de la mise en \u0153uvre concr\u00e8te. Si des interventions techniques sont n\u00e9cessaires, nous ne vous laissons pas seuls face \u00e0 la complexit\u00e9 : Nous assurons un pilotage complet et rigoureux de votre projet. Nous identifions, s\u00e9lectionnons [&hellip;]<\/p>","protected":false},"author":1,"featured_media":0,"parent":407,"menu_order":0,"comment_status":"closed","ping_status":"closed","template":"","meta":{"footnotes":""},"class_list":["post-1035","page","type-page","status-publish","hentry"],"yoast_head":"<!-- This site is optimized with the Yoast SEO Premium plugin v25.0 (Yoast SEO v26.3) - https:\/\/yoast.com\/wordpress\/plugins\/seo\/ -->\n<title>Orchestration &amp; supervision de la mise en \u0153uvre - Exomondo<\/title>\n<meta name=\"robots\" content=\"index, follow, max-snippet:-1, max-image-preview:large, max-video-preview:-1\" \/>\n<link rel=\"canonical\" href=\"https:\/\/exomondo.com\/en\/methodology\/orchestration-implementation-supervision\/\" \/>\n<meta property=\"og:locale\" content=\"en_US\" \/>\n<meta property=\"og:type\" content=\"article\" \/>\n<meta property=\"og:title\" content=\"Orchestration &amp; supervision de la mise en \u0153uvre\" \/>\n<meta property=\"og:description\" content=\"Votre transformation Pilot\u00e9e de bout en bout Une fois les d\u00e9cisions prises et la roadmap valid\u00e9e, vient l\u2019\u00e9tape essentielle de la mise en \u0153uvre concr\u00e8te. Si des interventions techniques sont n\u00e9cessaires, nous ne vous laissons pas seuls face \u00e0 la complexit\u00e9 : Nous assurons un pilotage complet et rigoureux de votre projet. Nous identifions, s\u00e9lectionnons [&hellip;]\" \/>\n<meta property=\"og:url\" content=\"https:\/\/exomondo.com\/en\/methodology\/orchestration-implementation-supervision\/\" \/>\n<meta property=\"og:site_name\" content=\"Exomondo\" \/>\n<meta property=\"article:publisher\" content=\"https:\/\/www.facebook.com\/exomondo\" \/>\n<meta property=\"article:modified_time\" content=\"2025-05-09T17:42:42+00:00\" \/>\n<meta property=\"og:image\" content=\"https:\/\/exomondo.com\/wp-content\/uploads\/2025\/05\/site.webp\" \/>\n\t<meta property=\"og:image:width\" content=\"1200\" \/>\n\t<meta property=\"og:image:height\" content=\"675\" \/>\n\t<meta property=\"og:image:type\" content=\"image\/webp\" \/>\n<meta name=\"twitter:card\" content=\"summary_large_image\" \/>\n<meta name=\"twitter:label1\" content=\"Est. reading time\" \/>\n\t<meta name=\"twitter:data1\" content=\"2 minutes\" \/>\n<script type=\"application\/ld+json\" class=\"yoast-schema-graph\">{\"@context\":\"https:\/\/schema.org\",\"@graph\":[{\"@type\":\"WebPage\",\"@id\":\"https:\/\/exomondo.com\/methodologie\/orchestration-supervision-de-la-mise-en-oeuvre\/\",\"url\":\"https:\/\/exomondo.com\/methodologie\/orchestration-supervision-de-la-mise-en-oeuvre\/\",\"name\":\"Orchestration & supervision de la mise en \u0153uvre - Exomondo\",\"isPartOf\":{\"@id\":\"https:\/\/exomondo.com\/#website\"},\"datePublished\":\"2025-05-09T17:33:20+00:00\",\"dateModified\":\"2025-05-09T17:42:42+00:00\",\"breadcrumb\":{\"@id\":\"https:\/\/exomondo.com\/methodologie\/orchestration-supervision-de-la-mise-en-oeuvre\/#breadcrumb\"},\"inLanguage\":\"en-US\",\"potentialAction\":[{\"@type\":\"ReadAction\",\"target\":[\"https:\/\/exomondo.com\/methodologie\/orchestration-supervision-de-la-mise-en-oeuvre\/\"]}]},{\"@type\":\"BreadcrumbList\",\"@id\":\"https:\/\/exomondo.com\/methodologie\/orchestration-supervision-de-la-mise-en-oeuvre\/#breadcrumb\",\"itemListElement\":[{\"@type\":\"ListItem\",\"position\":1,\"name\":\"Home\",\"item\":\"https:\/\/exomondo.com\/\"},{\"@type\":\"ListItem\",\"position\":2,\"name\":\"M\u00e9thodologie\",\"item\":\"https:\/\/exomondo.com\/methodologie\/\"},{\"@type\":\"ListItem\",\"position\":3,\"name\":\"Orchestration &#038; supervision de la mise en \u0153uvre\"}]},{\"@type\":\"WebSite\",\"@id\":\"https:\/\/exomondo.com\/#website\",\"url\":\"https:\/\/exomondo.com\/\",\"name\":\"Exomondo\",\"description\":\"\",\"publisher\":{\"@id\":\"https:\/\/exomondo.com\/#organization\"},\"potentialAction\":[{\"@type\":\"SearchAction\",\"target\":{\"@type\":\"EntryPoint\",\"urlTemplate\":\"https:\/\/exomondo.com\/?s={search_term_string}\"},\"query-input\":{\"@type\":\"PropertyValueSpecification\",\"valueRequired\":true,\"valueName\":\"search_term_string\"}}],\"inLanguage\":\"en-US\"},{\"@type\":\"Organization\",\"@id\":\"https:\/\/exomondo.com\/#organization\",\"name\":\"Exomondo\",\"url\":\"https:\/\/exomondo.com\/\",\"logo\":{\"@type\":\"ImageObject\",\"inLanguage\":\"en-US\",\"@id\":\"https:\/\/exomondo.com\/#\/schema\/logo\/image\/\",\"url\":\"https:\/\/exomondo.com\/wp-content\/uploads\/2025\/04\/Logo-Exomondo-2025-website.webp\",\"contentUrl\":\"https:\/\/exomondo.com\/wp-content\/uploads\/2025\/04\/Logo-Exomondo-2025-website.webp\",\"width\":543,\"height\":70,\"caption\":\"Exomondo\"},\"image\":{\"@id\":\"https:\/\/exomondo.com\/#\/schema\/logo\/image\/\"},\"sameAs\":[\"https:\/\/www.facebook.com\/exomondo\",\"https:\/\/www.linkedin.com\/company\/exomondo\",\"https:\/\/www.youtube.com\/@exomondo-llc\"],\"email\":\"info@exomondo.com\",\"legalName\":\"Exomondo LLC\",\"foundingDate\":\"2022-03-24\",\"numberOfEmployees\":{\"@type\":\"QuantitativeValue\",\"minValue\":\"1\",\"maxValue\":\"10\"}}]}<\/script>\n<!-- \/ Yoast SEO Premium plugin. -->","yoast_head_json":{"title":"Orchestration & supervision de la mise en \u0153uvre - Exomondo","robots":{"index":"index","follow":"follow","max-snippet":"max-snippet:-1","max-image-preview":"max-image-preview:large","max-video-preview":"max-video-preview:-1"},"canonical":"https:\/\/exomondo.com\/en\/methodology\/orchestration-implementation-supervision\/","og_locale":"en_US","og_type":"article","og_title":"Orchestration & supervision de la mise en \u0153uvre","og_description":"Votre transformation Pilot\u00e9e de bout en bout Une fois les d\u00e9cisions prises et la roadmap valid\u00e9e, vient l\u2019\u00e9tape essentielle de la mise en \u0153uvre concr\u00e8te. Si des interventions techniques sont n\u00e9cessaires, nous ne vous laissons pas seuls face \u00e0 la complexit\u00e9 : Nous assurons un pilotage complet et rigoureux de votre projet. Nous identifions, s\u00e9lectionnons [&hellip;]","og_url":"https:\/\/exomondo.com\/en\/methodology\/orchestration-implementation-supervision\/","og_site_name":"Exomondo","article_publisher":"https:\/\/www.facebook.com\/exomondo","article_modified_time":"2025-05-09T17:42:42+00:00","og_image":[{"width":1200,"height":675,"url":"https:\/\/exomondo.com\/wp-content\/uploads\/2025\/05\/site.webp","type":"image\/webp"}],"twitter_card":"summary_large_image","twitter_misc":{"Est. reading time":"2 minutes"},"schema":{"@context":"https:\/\/schema.org","@graph":[{"@type":"WebPage","@id":"https:\/\/exomondo.com\/methodologie\/orchestration-supervision-de-la-mise-en-oeuvre\/","url":"https:\/\/exomondo.com\/methodologie\/orchestration-supervision-de-la-mise-en-oeuvre\/","name":"Orchestration & supervision de la mise en \u0153uvre - Exomondo","isPartOf":{"@id":"https:\/\/exomondo.com\/#website"},"datePublished":"2025-05-09T17:33:20+00:00","dateModified":"2025-05-09T17:42:42+00:00","breadcrumb":{"@id":"https:\/\/exomondo.com\/methodologie\/orchestration-supervision-de-la-mise-en-oeuvre\/#breadcrumb"},"inLanguage":"en-US","potentialAction":[{"@type":"ReadAction","target":["https:\/\/exomondo.com\/methodologie\/orchestration-supervision-de-la-mise-en-oeuvre\/"]}]},{"@type":"BreadcrumbList","@id":"https:\/\/exomondo.com\/methodologie\/orchestration-supervision-de-la-mise-en-oeuvre\/#breadcrumb","itemListElement":[{"@type":"ListItem","position":1,"name":"Home","item":"https:\/\/exomondo.com\/"},{"@type":"ListItem","position":2,"name":"M\u00e9thodologie","item":"https:\/\/exomondo.com\/methodologie\/"},{"@type":"ListItem","position":3,"name":"Orchestration &#038; supervision de la mise en \u0153uvre"}]},{"@type":"WebSite","@id":"https:\/\/exomondo.com\/#website","url":"https:\/\/exomondo.com\/","name":"Exomondo","description":"","publisher":{"@id":"https:\/\/exomondo.com\/#organization"},"potentialAction":[{"@type":"SearchAction","target":{"@type":"EntryPoint","urlTemplate":"https:\/\/exomondo.com\/?s={search_term_string}"},"query-input":{"@type":"PropertyValueSpecification","valueRequired":true,"valueName":"search_term_string"}}],"inLanguage":"en-US"},{"@type":"Organization","@id":"https:\/\/exomondo.com\/#organization","name":"Exomondo","url":"https:\/\/exomondo.com\/","logo":{"@type":"ImageObject","inLanguage":"en-US","@id":"https:\/\/exomondo.com\/#\/schema\/logo\/image\/","url":"https:\/\/exomondo.com\/wp-content\/uploads\/2025\/04\/Logo-Exomondo-2025-website.webp","contentUrl":"https:\/\/exomondo.com\/wp-content\/uploads\/2025\/04\/Logo-Exomondo-2025-website.webp","width":543,"height":70,"caption":"Exomondo"},"image":{"@id":"https:\/\/exomondo.com\/#\/schema\/logo\/image\/"},"sameAs":["https:\/\/www.facebook.com\/exomondo","https:\/\/www.linkedin.com\/company\/exomondo","https:\/\/www.youtube.com\/@exomondo-llc"],"email":"info@exomondo.com","legalName":"Exomondo LLC","foundingDate":"2022-03-24","numberOfEmployees":{"@type":"QuantitativeValue","minValue":"1","maxValue":"10"}}]}},"_links":{"self":[{"href":"https:\/\/exomondo.com\/en\/wp-json\/wp\/v2\/pages\/1035","targetHints":{"allow":["GET"]}}],"collection":[{"href":"https:\/\/exomondo.com\/en\/wp-json\/wp\/v2\/pages"}],"about":[{"href":"https:\/\/exomondo.com\/en\/wp-json\/wp\/v2\/types\/page"}],"author":[{"embeddable":true,"href":"https:\/\/exomondo.com\/en\/wp-json\/wp\/v2\/users\/1"}],"replies":[{"embeddable":true,"href":"https:\/\/exomondo.com\/en\/wp-json\/wp\/v2\/comments?post=1035"}],"version-history":[{"count":13,"href":"https:\/\/exomondo.com\/en\/wp-json\/wp\/v2\/pages\/1035\/revisions"}],"predecessor-version":[{"id":1050,"href":"https:\/\/exomondo.com\/en\/wp-json\/wp\/v2\/pages\/1035\/revisions\/1050"}],"up":[{"embeddable":true,"href":"https:\/\/exomondo.com\/en\/wp-json\/wp\/v2\/pages\/407"}],"wp:attachment":[{"href":"https:\/\/exomondo.com\/en\/wp-json\/wp\/v2\/media?parent=1035"}],"curies":[{"name":"wp","href":"https:\/\/api.w.org\/{rel}","templated":true}]}}